{"id":163,"date":"2021-02-18T19:21:14","date_gmt":"2021-02-18T19:21:14","guid":{"rendered":"https:\/\/www.kolaconstruction.al\/?page_id=163"},"modified":"2023-12-13T13:31:25","modified_gmt":"2023-12-13T13:31:25","slug":"rreth-kola-konstruksion","status":"publish","type":"page","link":"https:\/\/www.kolaconstruction.al\/en\/rreth-kola-konstruksion\/","title":{"rendered":"RRETH KOLA KONSTRUKSION"},"content":{"rendered":"<div data-elementor-type=\"wp-page\" data-elementor-id=\"163\" class=\"elementor elementor-163\" data-elementor-post-type=\"page\">\n\t\t\t\t\t\t\t\t\t<section class=\"elementor-section elementor-top-section elementor-element elementor-element-247ff2b9 elementor-section-boxed elementor-section-height-default elementor-section-height-default\" data-id=\"247ff2b9\" data-element_type=\"section\">\n\t\t\t\t\t\t<div class=\"elementor-container elementor-column-gap-default\">\n\t\t\t\t\t<div class=\"elementor-column elementor-col-50 elementor-top-column elementor-element elementor-element-3538228\" data-id=\"3538228\" data-element_type=\"column\">\n\t\t\t<div class=\"elementor-widget-wrap elementor-element-populated\">\n\t\t\t\t\t\t\t\t<section class=\"elementor-section elementor-inner-section elementor-element elementor-element-7146ac51 elementor-section-boxed elementor-section-height-default elementor-section-height-default\" data-id=\"7146ac51\" data-element_type=\"section\">\n\t\t\t\t\t\t<div class=\"elementor-container elementor-column-gap-default\">\n\t\t\t\t\t<div class=\"elementor-column elementor-col-100 elementor-inner-column elementor-element elementor-element-1e3c70c8\" data-id=\"1e3c70c8\" data-element_type=\"column\">\n\t\t\t<div class=\"elementor-widget-wrap elementor-element-populated\">\n\t\t\t\t\t\t\t\t<div class=\"elementor-element elementor-element-413fffa9 elementor-widget elementor-widget-heading\" data-id=\"413fffa9\" data-element_type=\"widget\" data-widget_type=\"heading.default\">\n\t\t\t\t<div class=\"elementor-widget-container\">\n\t\t\t<h2 class=\"elementor-heading-title elementor-size-default\">RRETH \n<br>Kola<br><b>Construction <\/b><\/h2>\t\t<\/div>\n\t\t\t\t<\/div>\n\t\t\t\t<div class=\"elementor-element elementor-element-4b7f816c elementor-widget elementor-widget-text-editor\" data-id=\"4b7f816c\" data-element_type=\"widget\" data-widget_type=\"text-editor.default\">\n\t\t\t\t<div class=\"elementor-widget-container\">\n\t\t\t\t\t\t\t<p>Ne jemi te specializuar n\u00eb realizimin me mjesht\u00ebri, t\u00eb shkall\u00ebs m\u00eb t\u00eb lart\u00eb te resin\u00ebs. Ne kemi nj\u00eb fuqi pun\u00ebtore besnike t\u00eb specializuar q\u00eb mund t\u00eb krijoj\u00eb nj\u00eb plan urbanistik artistik t\u00eb p\u00ebrshtatur me k\u00ebrkesat e klient\u00ebve tan\u00eb p\u00ebr p\u00ebrmir\u00ebsimet n\u00eb sht\u00ebpit\u00eb e tyre.<\/p><p>Pun\u00ebt tona p\u00ebrfundojn\u00eb n\u00eb nivelin m\u00eb t\u00eb lart\u00eb t\u00eb mundsh\u00ebm, duke siguruar q\u00eb t\u00eb gjitha pal\u00ebt t\u00eb jen\u00eb t\u00eb k\u00ebnaqura me m\u00ebnyr\u00ebn se si e kryejm\u00eb pun\u00ebn. Mbajme kontakt me klient\u00ebt tan\u00eb p\u00ebr t&#8217;u siguruar q\u00eb ne kemi k\u00ebnaq\u00ebsin\u00eb e tyre p\u00ebrfundimtare gjat\u00eb gjith\u00eb pun\u00ebs.<\/p><p>Ekipi yn\u00eb ka mbi 20 vjet p\u00ebrvoj\u00eb pune n\u00eb industri nga brenda Mbret\u00ebris\u00eb s\u00eb Bashkuar dhe jasht\u00eb vendit n\u00eb Evrop\u00ebn kontinentale, ne e kryejm\u00eb pun\u00ebn ton\u00eb me seriozitet dhe me nj\u00eb produkt t\u00eb cil\u00ebsis\u00eb s\u00eb lart\u00eb i p\u00ebrfunduar q\u00eb \u00ebsht\u00eb p\u00ebr preferenc\u00ebn dhe k\u00ebnaq\u00ebsin\u00eb e klient\u00ebve tan\u00eb.<\/p><p>Q\u00ebllimi yn\u00eb \u00ebsht\u00eb t\u00eb rrisim firm\u00ebn ton\u00eb n\u00eb t\u00eb gjith\u00eb Anglin\u00eb dhe ne Europ\u00eb, perfshi edhe Shqiperine \u00a0duke mbajtur standardin ton\u00eb t\u00eb lart\u00eb t\u00eb pun\u00ebs dhe t\u00eb udh\u00ebheqim tregun me shembull<\/p>\t\t\t\t\t\t<\/div>\n\t\t\t\t<\/div>\n\t\t\t\t\t<\/div>\n\t\t<\/div>\n\t\t\t\t\t\t\t<\/div>\n\t\t<\/section>\n\t\t\t\t\t<\/div>\n\t\t<\/div>\n\t\t\t\t<div class=\"elementor-column elementor-col-50 elementor-top-column elementor-element elementor-element-32581bc9\" data-id=\"32581bc9\" data-element_type=\"column\">\n\t\t\t<div class=\"elementor-widget-wrap elementor-element-populated\">\n\t\t\t\t\t\t\t\t<section class=\"elementor-section elementor-inner-section elementor-element elementor-element-9f101ef elementor-section-boxed elementor-section-height-default elementor-section-height-default\" data-id=\"9f101ef\" data-element_type=\"section\">\n\t\t\t\t\t\t<div class=\"elementor-container elementor-column-gap-default\">\n\t\t\t\t\t<div class=\"elementor-column elementor-col-100 elementor-inner-column elementor-element elementor-element-19fc6d9e\" data-id=\"19fc6d9e\" data-element_type=\"column\">\n\t\t\t<div class=\"elementor-widget-wrap elementor-element-populated\">\n\t\t\t\t\t\t\t\t<div class=\"elementor-element elementor-element-792df9f elementor-widget elementor-widget-image\" data-id=\"792df9f\" data-element_type=\"widget\" data-widget_type=\"image.default\">\n\t\t\t\t<div class=\"elementor-widget-container\">\n\t\t\t\t\t\t\t\t\t\t\t\t\t\t\t<img fetchpriority=\"high\" decoding=\"async\" width=\"768\" height=\"512\" src=\"https:\/\/www.kolaconstruction.al\/wp-content\/uploads\/2023\/12\/resin-bound-driveways-kola-construction-_900-\u00d7-600px_.webp\" class=\"attachment-medium_large size-medium_large wp-image-795\" alt=\"\" \/>\t\t\t\t\t\t\t\t\t\t\t\t\t\t\t<\/div>\n\t\t\t\t<\/div>\n\t\t\t\t\t<\/div>\n\t\t<\/div>\n\t\t\t\t\t\t\t<\/div>\n\t\t<\/section>\n\t\t\t\t<section class=\"elementor-section elementor-inner-section elementor-element elementor-element-63b55d88 elementor-section-boxed elementor-section-height-default elementor-section-height-default\" data-id=\"63b55d88\" data-element_type=\"section\">\n\t\t\t\t\t\t<div class=\"elementor-container elementor-column-gap-default\">\n\t\t\t\t\t<div class=\"elementor-column elementor-col-100 elementor-inner-column elementor-element elementor-element-2016d3fb\" data-id=\"2016d3fb\" data-element_type=\"column\">\n\t\t\t<div class=\"elementor-widget-wrap elementor-element-populated\">\n\t\t\t\t\t\t\t\t<div class=\"elementor-element elementor-element-4c703dff elementor-widget elementor-widget-image\" data-id=\"4c703dff\" data-element_type=\"widget\" data-widget_type=\"image.default\">\n\t\t\t\t<div class=\"elementor-widget-container\">\n\t\t\t\t\t\t\t\t\t\t\t\t\t\t\t<img decoding=\"async\" width=\"768\" height=\"468\" src=\"https:\/\/www.kolaconstruction.al\/wp-content\/uploads\/2023\/12\/domek_\u2014_kopia_2.jpg\" class=\"attachment-medium_large size-medium_large wp-image-628\" alt=\"\" \/>\t\t\t\t\t\t\t\t\t\t\t\t\t\t\t<\/div>\n\t\t\t\t<\/div>\n\t\t\t\t\t<\/div>\n\t\t<\/div>\n\t\t\t\t\t\t\t<\/div>\n\t\t<\/section>\n\t\t\t\t<section class=\"elementor-section elementor-inner-section elementor-element elementor-element-3483fdce elementor-section-boxed elementor-section-height-default elementor-section-height-default\" data-id=\"3483fdce\" data-element_type=\"section\">\n\t\t\t\t\t\t<div class=\"elementor-container elementor-column-gap-default\">\n\t\t\t\t\t<div class=\"elementor-column elementor-col-100 elementor-inner-column elementor-element elementor-element-68b7fdc0\" data-id=\"68b7fdc0\" data-element_type=\"column\">\n\t\t\t<div class=\"elementor-widget-wrap elementor-element-populated\">\n\t\t\t\t\t\t\t\t<div class=\"elementor-element elementor-element-7a702f9c elementor-widget elementor-widget-image\" data-id=\"7a702f9c\" data-element_type=\"widget\" data-widget_type=\"image.default\">\n\t\t\t\t<div class=\"elementor-widget-container\">\n\t\t\t\t\t\t\t\t\t\t\t\t\t\t\t<img decoding=\"async\" width=\"768\" height=\"395\" src=\"https:\/\/www.kolaconstruction.al\/wp-content\/uploads\/2021\/02\/kola-construction-damp-prevention-hydrofobic-external-wall-coating.jpg\" class=\"attachment-medium_large size-medium_large wp-image-144\" alt=\"\" \/>\t\t\t\t\t\t\t\t\t\t\t\t\t\t\t<\/div>\n\t\t\t\t<\/div>\n\t\t\t\t\t<\/div>\n\t\t<\/div>\n\t\t\t\t\t\t\t<\/div>\n\t\t<\/section>\n\t\t\t\t<section class=\"elementor-section elementor-inner-section elementor-element elementor-element-7766c46f elementor-section-boxed elementor-section-height-default elementor-section-height-default\" data-id=\"7766c46f\" data-element_type=\"section\">\n\t\t\t\t\t\t<div class=\"elementor-container elementor-column-gap-default\">\n\t\t\t\t\t<div class=\"elementor-column elementor-col-100 elementor-inner-column elementor-element elementor-element-7ddd3520\" data-id=\"7ddd3520\" data-element_type=\"column\">\n\t\t\t<div class=\"elementor-widget-wrap\">\n\t\t\t\t\t\t\t\t\t<\/div>\n\t\t<\/div>\n\t\t\t\t\t\t\t<\/div>\n\t\t<\/section>\n\t\t\t\t\t<\/div>\n\t\t<\/div>\n\t\t\t\t\t\t\t<\/div>\n\t\t<\/section>\n\t\t\t\t\t\t\t<\/div>","protected":false},"excerpt":{"rendered":"<p>RRETH KolaConstruction Ne jemi te specializuar n\u00eb realizimin me mjesht\u00ebri, t\u00eb shkall\u00ebs m\u00eb t\u00eb lart\u00eb te resin\u00ebs. Ne kemi nj\u00eb fuqi pun\u00ebtore besnike t\u00eb specializuar q\u00eb mund t\u00eb krijoj\u00eb nj\u00eb plan urbanistik artistik t\u00eb p\u00ebrshtatur me k\u00ebrkesat e klient\u00ebve tan\u00eb p\u00ebr p\u00ebrmir\u00ebsimet n\u00eb sht\u00ebpit\u00eb e tyre. Pun\u00ebt tona p\u00ebrfundojn\u00eb n\u00eb nivelin m\u00eb t\u00eb lart\u00eb t\u00eb [&hellip;]<\/p>","protected":false},"author":1,"featured_media":0,"parent":0,"menu_order":0,"comment_status":"closed","ping_status":"closed","template":"","meta":{"footnotes":""},"class_list":["post-163","page","type-page","status-publish","hentry","wpbf-post"],"_links":{"self":[{"href":"https:\/\/www.kolaconstruction.al\/en\/wp-json\/wp\/v2\/pages\/163","targetHints":{"allow":["GET"]}}],"collection":[{"href":"https:\/\/www.kolaconstruction.al\/en\/wp-json\/wp\/v2\/pages"}],"about":[{"href":"https:\/\/www.kolaconstruction.al\/en\/wp-json\/wp\/v2\/types\/page"}],"author":[{"embeddable":true,"href":"https:\/\/www.kolaconstruction.al\/en\/wp-json\/wp\/v2\/users\/1"}],"replies":[{"embeddable":true,"href":"https:\/\/www.kolaconstruction.al\/en\/wp-json\/wp\/v2\/comments?post=163"}],"version-history":[{"count":13,"href":"https:\/\/www.kolaconstruction.al\/en\/wp-json\/wp\/v2\/pages\/163\/revisions"}],"predecessor-version":[{"id":859,"href":"https:\/\/www.kolaconstruction.al\/en\/wp-json\/wp\/v2\/pages\/163\/revisions\/859"}],"wp:attachment":[{"href":"https:\/\/www.kolaconstruction.al\/en\/wp-json\/wp\/v2\/media?parent=163"}],"curies":[{"name":"wp","href":"https:\/\/api.w.org\/{rel}","templated":true}]}}